{"id":117,"date":"2025-02-19T12:50:10","date_gmt":"2025-02-19T12:50:10","guid":{"rendered":"https:\/\/eurosalesman.ch\/eu\/"},"modified":"2025-02-19T12:51:18","modified_gmt":"2025-02-19T12:51:18","slug":"eu","status":"publish","type":"page","link":"https:\/\/eurosalesman.ch\/de\/","title":{"rendered":"Schweiz"},"content":{"rendered":"<div data-elementor-type=\"wp-page\" data-elementor-id=\"117\" class=\"elementor elementor-117\" data-elementor-post-type=\"page\">\n\t\t\t\t<div class=\"elementor-element elementor-element-30b66b95 e-con-full e-flex e-con e-parent\" data-id=\"30b66b95\" data-element_type=\"container\" data-e-type=\"container\" data-settings=\"{&quot;background_background&quot;:&quot;classic&quot;}\">\n\t\t<div class=\"elementor-element elementor-element-6131e70b e-con-full e-flex e-con e-child\" data-id=\"6131e70b\" data-element_type=\"container\" data-e-type=\"container\">\n\t\t\t\t<div class=\"elementor-element elementor-element-37f20f30 elementor-widget__width-inherit elementor-widget-divider--view-line elementor-invisible elementor-widget elementor-widget-divider\" data-id=\"37f20f30\" data-element_type=\"widget\" data-e-type=\"widget\" data-settings=\"{&quot;_animation&quot;:&quot;fadeInLeft&quot;}\" data-widget_type=\"divider.default\">\n\t\t\t\t<div class=\"elementor-widget-container\">\n\t\t\t\t\t\t\t<div class=\"elementor-divider\">\n\t\t\t<span class=\"elementor-divider-separator\">\n\t\t\t\t\t\t<\/span>\n\t\t<\/div>\n\t\t\t\t\t\t<\/div>\n\t\t\t\t<\/div>\n\t\t\t\t<div class=\"elementor-element elementor-element-628537c3 elementor-widget__width-initial elementor-widget-tablet__width-inherit elementor-widget elementor-widget-heading\" data-id=\"628537c3\" data-element_type=\"widget\" data-e-type=\"widget\" data-widget_type=\"heading.default\">\n\t\t\t\t<div class=\"elementor-widget-container\">\n\t\t\t\t\t<h1 class=\"elementor-heading-title elementor-size-default\">Die Schweiz - Eintritt in einen Markt der Pr\u00e4zision, Stabilit\u00e4t und Innovation!<\/h1>\t\t\t\t<\/div>\n\t\t\t\t<\/div>\n\t\t\t\t<div class=\"elementor-element elementor-element-190f49ff elementor-widget__width-initial elementor-widget-tablet__width-inherit elementor-widget elementor-widget-text-editor\" data-id=\"190f49ff\" data-element_type=\"widget\" data-e-type=\"widget\" data-widget_type=\"text-editor.default\">\n\t\t\t\t<div class=\"elementor-widget-container\">\n\t\t\t\t\t\t\t\t\t<p data-start=\"464\" data-end=\"480\">\u00a0<\/p><p data-start=\"126\" data-end=\"462\">Die Weltklasse-Wirtschaft, die anerkannte Stabilit\u00e4t und der gute Ruf der Schweiz machen sie zu einem erstklassigen Standort f\u00fcr Unternehmen, die sich in einem anspruchsvollen und hochwertigen Markt behaupten wollen. Mit ihrer strategischen Lage im Herzen Europas und ihrem Engagement f\u00fcr Innovation bietet die Schweiz unvergleichliche M\u00f6glichkeiten f\u00fcr Wachstum und Erfolg.<\/p>\t\t\t\t\t\t\t\t<\/div>\n\t\t\t\t<\/div>\n\t\t\t\t<\/div>\n\t\t\t\t<\/div>\n\t\t<div class=\"elementor-element elementor-element-53f196 e-con-full e-flex e-con e-parent\" data-id=\"53f196\" data-element_type=\"container\" data-e-type=\"container\">\n\t\t<div class=\"elementor-element elementor-element-46f0f89 e-con-full e-flex e-con e-child\" data-id=\"46f0f89\" data-element_type=\"container\" data-e-type=\"container\">\n\t\t\t\t<div class=\"elementor-element elementor-element-298dff6b elementor-widget__width-inherit elementor-widget-divider--view-line elementor-invisible elementor-widget elementor-widget-divider\" data-id=\"298dff6b\" data-element_type=\"widget\" data-e-type=\"widget\" data-settings=\"{&quot;_animation&quot;:&quot;fadeInLeft&quot;}\" data-widget_type=\"divider.default\">\n\t\t\t\t<div class=\"elementor-widget-container\">\n\t\t\t\t\t\t\t<div class=\"elementor-divider\">\n\t\t\t<span class=\"elementor-divider-separator\">\n\t\t\t\t\t\t<\/span>\n\t\t<\/div>\n\t\t\t\t\t\t<\/div>\n\t\t\t\t<\/div>\n\t\t\t\t<div class=\"elementor-element elementor-element-2f4eed9e elementor-widget__width-initial elementor-widget-tablet__width-inherit elementor-widget elementor-widget-heading\" data-id=\"2f4eed9e\" data-element_type=\"widget\" data-e-type=\"widget\" data-widget_type=\"heading.default\">\n\t\t\t\t<div class=\"elementor-widget-container\">\n\t\t\t\t\t<h2 class=\"elementor-heading-title elementor-size-default\">Ausgew\u00e4hlte Anzeigen<\/h2>\t\t\t\t<\/div>\n\t\t\t\t<\/div>\n\t\t\t\t<div class=\"elementor-element elementor-element-71a354a9 elementor-widget__width-initial elementor-widget-tablet__width-inherit elementor-widget elementor-widget-text-editor\" data-id=\"71a354a9\" data-element_type=\"widget\" data-e-type=\"widget\" data-widget_type=\"text-editor.default\">\n\t\t\t\t<div class=\"elementor-widget-container\">\n\t\t\t\t\t\t\t\t\t<p data-start=\"482\" data-end=\"629\">Nachfolgend sind die Unternehmen aufgef\u00fchrt, die sich entschieden haben, ihre Marken in der Schweiz zu pr\u00e4sentieren und die einzigartigen Vorteile dieses renommierten Marktes zu nutzen.<\/p>\t\t\t\t\t\t\t\t<\/div>\n\t\t\t\t<\/div>\n\t\t\t\t<\/div>\n\t\t\t\t<\/div>\n\t\t<div class=\"elementor-element elementor-element-7943c613 e-flex e-con-boxed e-con e-parent\" data-id=\"7943c613\" data-element_type=\"container\" data-e-type=\"container\">\n\t\t\t\t\t<div class=\"e-con-inner\">\n\t\t\t\t<div class=\"elementor-element elementor-element-6afdc621 elementor-widget elementor-widget-heading\" data-id=\"6afdc621\" data-element_type=\"widget\" data-e-type=\"widget\" data-widget_type=\"heading.default\">\n\t\t\t\t<div class=\"elementor-widget-container\">\n\t\t\t\t\t<h2 class=\"elementor-heading-title elementor-size-default\">Fragen Sie uns alles<\/h2>\t\t\t\t<\/div>\n\t\t\t\t<\/div>\n\t\t<div class=\"elementor-element elementor-element-356ef102 e-con-full e-flex e-con e-child\" data-id=\"356ef102\" data-element_type=\"container\" data-e-type=\"container\">\n\t\t\t\t<div class=\"elementor-element elementor-element-3e13e1c1 elementor-widget__width-initial elementor-widget-tablet__width-inherit elementor-widget elementor-widget-toggle\" data-id=\"3e13e1c1\" data-element_type=\"widget\" data-e-type=\"widget\" data-widget_type=\"toggle.default\">\n\t\t\t\t<div class=\"elementor-widget-container\">\n\t\t\t\t\t\t\t<div class=\"elementor-toggle\">\n\t\t\t\t\t\t\t<div class=\"elementor-toggle-item\">\n\t\t\t\t\t<h5 id=\"elementor-tab-title-1041\" class=\"elementor-tab-title\" data-tab=\"1\" role=\"button\" aria-controls=\"elementor-tab-content-1041\" aria-expanded=\"false\">\n\t\t\t\t\t\t\t\t\t\t\t\t<a class=\"elementor-toggle-title\" tabindex=\"0\">Was ist Eurosalesman, und wie kann es meinem Unternehmen helfen?<\/a>\n\t\t\t\t\t<\/h5>\n\n\t\t\t\t\t<div id=\"elementor-tab-content-1041\" class=\"elementor-tab-content elementor-clearfix\" data-tab=\"1\" role=\"region\" aria-labelledby=\"elementor-tab-title-1041\"><p>Eurosalesman ist eine globale Plattform, die Unternehmen bei der Expansion in f\u00fchrende M\u00e4rkte unterst\u00fctzt, indem sie Markenschutz, Marktzugang und innovative Werbel\u00f6sungen nutzt. Unsere Dienstleistungen umfassen eine umfassende Markenregistrierung, Zugang zu Schl\u00fcsselm\u00e4rkten auf f\u00fcnf Kontinenten, KI-gest\u00fctzte Inhaltserstellung und datengesteuerte Werbestrategien. Wir bieten die Tools und die Unterst\u00fctzung, die Sie ben\u00f6tigen, um Ihre Marke auszubauen, neue Zielgruppen zu erreichen und Ihr Unternehmen vor Verletzungen und F\u00e4lschungen zu sch\u00fctzen.<\/p><\/div>\n\t\t\t\t<\/div>\n\t\t\t\t\t\t\t<div class=\"elementor-toggle-item\">\n\t\t\t\t\t<h5 id=\"elementor-tab-title-1042\" class=\"elementor-tab-title\" data-tab=\"2\" role=\"button\" aria-controls=\"elementor-tab-content-1042\" aria-expanded=\"false\">\n\t\t\t\t\t\t\t\t\t\t\t\t<a class=\"elementor-toggle-title\" tabindex=\"0\">Wie sch\u00fctzt Eurosalesman meine Marke?<\/a>\n\t\t\t\t\t<\/h5>\n\n\t\t\t\t\t<div id=\"elementor-tab-content-1042\" class=\"elementor-tab-content elementor-clearfix\" data-tab=\"2\" role=\"region\" aria-labelledby=\"elementor-tab-title-1042\"><p>Eurosalesman arbeitet mit f\u00fchrenden Organisationen wie dem Amt der Europ\u00e4ischen Union f\u00fcr geistiges Eigentum (EUIPO), der Internet Corporation for Assigned Names and Numbers (ICANN) und der Weltorganisation f\u00fcr geistiges Eigentum (WIPO) zusammen, um einen soliden Markenschutz zu bieten. Wir k\u00fcmmern uns um die Markenregistrierung, stellen die Einhaltung internationaler Standards sicher und bieten rechtliche Unterst\u00fctzung bei der Durchsetzung Ihrer Rechte gegen unberechtigte Nutzung. Unser Ziel ist es, die Identit\u00e4t und Integrit\u00e4t Ihrer Marke weltweit zu sch\u00fctzen.<\/p><\/div>\n\t\t\t\t<\/div>\n\t\t\t\t\t\t\t<div class=\"elementor-toggle-item\">\n\t\t\t\t\t<h5 id=\"elementor-tab-title-1043\" class=\"elementor-tab-title\" data-tab=\"3\" role=\"button\" aria-controls=\"elementor-tab-content-1043\" aria-expanded=\"false\">\n\t\t\t\t\t\t\t\t\t\t\t\t<a class=\"elementor-toggle-title\" tabindex=\"0\">F\u00fcgen Sie eine h\u00e4ufig von Besuchern gestellte Frage hinzu und beantworten Sie sie in der Dropdown-Box.<\/a>\n\t\t\t\t\t<\/h5>\n\n\t\t\t\t\t<div id=\"elementor-tab-content-1043\" class=\"elementor-tab-content elementor-clearfix\" data-tab=\"3\" role=\"region\" aria-labelledby=\"elementor-tab-title-1043\"><p>Eurosalesman bietet Zugang zu mehr als 40 der wichtigsten M\u00e4rkte der Welt, darunter Regionen wie Amerika, Europa, Asien, Afrika und Ozeanien. Jeder Markt bietet einzigartige M\u00f6glichkeiten, und unsere Plattform ist so konzipiert, dass sie Ihnen mit ma\u00dfgeschneiderten Strategien und lokalisierter Marketingunterst\u00fctzung hilft, sich in diesen unterschiedlichen Umgebungen zurechtzufinden. Ganz gleich, ob Sie in den USA, in Europa oder in den aufstrebenden M\u00e4rkten Afrikas und Asiens expandieren m\u00f6chten, Eurosalesman verf\u00fcgt \u00fcber das Fachwissen und die Ressourcen, um Ihr Wachstum zu f\u00f6rdern.<\/p><\/div>\n\t\t\t\t<\/div>\n\t\t\t\t\t\t\t\t<\/div>\n\t\t\t\t\t\t<\/div>\n\t\t\t\t<\/div>\n\t\t\t\t<div class=\"elementor-element elementor-element-4809c196 elementor-widget__width-initial elementor-widget-tablet__width-inherit elementor-widget elementor-widget-toggle\" data-id=\"4809c196\" data-element_type=\"widget\" data-e-type=\"widget\" data-widget_type=\"toggle.default\">\n\t\t\t\t<div class=\"elementor-widget-container\">\n\t\t\t\t\t\t\t<div class=\"elementor-toggle\">\n\t\t\t\t\t\t\t<div class=\"elementor-toggle-item\">\n\t\t\t\t\t<h5 id=\"elementor-tab-title-1201\" class=\"elementor-tab-title\" data-tab=\"1\" role=\"button\" aria-controls=\"elementor-tab-content-1201\" aria-expanded=\"false\">\n\t\t\t\t\t\t\t\t\t\t\t\t<a class=\"elementor-toggle-title\" tabindex=\"0\">Welche Rolle spielt KI in der Plattform von Eurosalesman?<\/a>\n\t\t\t\t\t<\/h5>\n\n\t\t\t\t\t<div id=\"elementor-tab-content-1201\" class=\"elementor-tab-content elementor-clearfix\" data-tab=\"1\" role=\"region\" aria-labelledby=\"elementor-tab-title-1201\"><p>KI spielt eine entscheidende Rolle bei der Verbesserung der Effizienz und Effektivit\u00e4t unserer Dienstleistungen. Die Plattform von Eurosalesman umfasst KI-gest\u00fctzte Tools, die die Erstellung von Werbeinhalten optimieren und sicherstellen, dass Ihre Botschaften f\u00fcr Ihre Zielgruppe optimiert sind. Unsere KI analysiert Marktdaten, Verbraucherverhalten und fr\u00fchere Kampagnenleistungen, um ansprechende und wirkungsvolle Inhalte zu erstellen. Dieser Ansatz tr\u00e4gt dazu bei, die Reichweite und Wirksamkeit Ihrer Werbema\u00dfnahmen zu maximieren.<\/p><\/div>\n\t\t\t\t<\/div>\n\t\t\t\t\t\t\t<div class=\"elementor-toggle-item\">\n\t\t\t\t\t<h5 id=\"elementor-tab-title-1202\" class=\"elementor-tab-title\" data-tab=\"2\" role=\"button\" aria-controls=\"elementor-tab-content-1202\" aria-expanded=\"false\">\n\t\t\t\t\t\t\t\t\t\t\t\t<a class=\"elementor-toggle-title\" tabindex=\"0\">Wie verbessert Google Analytics meine Werbekampagnen mit Eurosalesman?<\/a>\n\t\t\t\t\t<\/h5>\n\n\t\t\t\t\t<div id=\"elementor-tab-content-1202\" class=\"elementor-tab-content elementor-clearfix\" data-tab=\"2\" role=\"region\" aria-labelledby=\"elementor-tab-title-1202\"><p>Google Analytics bietet wertvolle Einblicke in die Leistung Ihrer Anzeigen und hilft Ihnen, Ihr Publikum zu verstehen, das Nutzerverhalten zu verfolgen und Konversionen zu messen. Durch die Integration von Google Analytics in die Plattform von Eurosalesman bieten wir Ihnen detaillierte Daten, die eine Anpassung und Optimierung Ihrer Marketingstrategien in Echtzeit erm\u00f6glichen. Dieser datengesteuerte Ansatz stellt sicher, dass Ihre Kampagnen stets auf Ihre Gesch\u00e4ftsziele abgestimmt sind und die bestm\u00f6glichen Ergebnisse liefern.<\/p><\/div>\n\t\t\t\t<\/div>\n\t\t\t\t\t\t\t<div class=\"elementor-toggle-item\">\n\t\t\t\t\t<h5 id=\"elementor-tab-title-1203\" class=\"elementor-tab-title\" data-tab=\"3\" role=\"button\" aria-controls=\"elementor-tab-content-1203\" aria-expanded=\"false\">\n\t\t\t\t\t\t\t\t\t\t\t\t<a class=\"elementor-toggle-title\" tabindex=\"0\">Wie fange ich mit Eurosalesman an?<\/a>\n\t\t\t\t\t<\/h5>\n\n\t\t\t\t\t<div id=\"elementor-tab-content-1203\" class=\"elementor-tab-content elementor-clearfix\" data-tab=\"3\" role=\"region\" aria-labelledby=\"elementor-tab-title-1203\"><p>Der Einstieg bei Eurosalesman ist einfach! Nehmen Sie einfach \u00fcber unsere Website Kontakt mit uns auf, um Ihre gesch\u00e4ftlichen Anforderungen und Ziele zu besprechen. Unser Expertenteam wird Sie durch den Prozess der Markeneintragung, den Markteintritt und die Einrichtung Ihrer Werbekampagnen f\u00fchren. Wir bieten Ihnen pers\u00f6nliche Unterst\u00fctzung, um sicherzustellen, dass Ihre Marke gesch\u00fctzt und f\u00fcr den Erfolg auf dem globalen Markt positioniert ist.<\/p><\/div>\n\t\t\t\t<\/div>\n\t\t\t\t\t\t\t\t<\/div>\n\t\t\t\t\t\t<\/div>\n\t\t\t\t<\/div>\n\t\t\t\t<\/div>\n\t\t\t\t\t<\/div>\n\t\t\t\t<\/div>\n\t\t<div class=\"elementor-element elementor-element-6c40e5e e-con-full e-flex e-con e-parent\" data-id=\"6c40e5e\" data-element_type=\"container\" data-e-type=\"container\" data-settings=\"{&quot;background_background&quot;:&quot;classic&quot;}\">\n\t\t<div class=\"elementor-element elementor-element-6c2366f7 e-con-full e-flex e-con e-child\" data-id=\"6c2366f7\" data-element_type=\"container\" data-e-type=\"container\">\n\t\t\t\t<div class=\"elementor-element elementor-element-4868d51c elementor-invisible elementor-widget elementor-widget-heading\" data-id=\"4868d51c\" data-element_type=\"widget\" data-e-type=\"widget\" data-settings=\"{&quot;_animation&quot;:&quot;fadeIn&quot;}\" data-widget_type=\"heading.default\">\n\t\t\t\t<div class=\"elementor-widget-container\">\n\t\t\t\t\t<h2 class=\"elementor-heading-title elementor-size-default\">M\u00f6chten Sie Ihr Gesch\u00e4ft heute ankurbeln?<\/h2>\t\t\t\t<\/div>\n\t\t\t\t<\/div>\n\t\t\t\t<div class=\"elementor-element elementor-element-70e291d0 elementor-widget elementor-widget-text-editor\" data-id=\"70e291d0\" data-element_type=\"widget\" data-e-type=\"widget\" data-settings=\"{&quot;_animation&quot;:&quot;none&quot;}\" data-widget_type=\"text-editor.default\">\n\t\t\t\t<div class=\"elementor-widget-container\">\n\t\t\t\t\t\t\t\t\t<p>Setzen Sie sich noch heute mit uns in Verbindung, um mehr dar\u00fcber zu erfahren, wie wir Ihnen helfen k\u00f6nnen, Ihre Marketingziele mit Pr\u00e4zision und Vertrauen zu erreichen.<\/p>\t\t\t\t\t\t\t\t<\/div>\n\t\t\t\t<\/div>\n\t\t\t\t<div class=\"elementor-element elementor-element-5a25cd77 elementor-align-justify elementor-widget__width-initial elementor-widget elementor-widget-button\" data-id=\"5a25cd77\" data-element_type=\"widget\" data-e-type=\"widget\" data-widget_type=\"button.default\">\n\t\t\t\t<div class=\"elementor-widget-container\">\n\t\t\t\t\t\t\t\t\t<div class=\"elementor-button-wrapper\">\n\t\t\t\t\t<a class=\"elementor-button elementor-size-sm\" role=\"button\">\n\t\t\t\t\t\t<span class=\"elementor-button-content-wrapper\">\n\t\t\t\t\t\t\t\t\t<span class=\"elementor-button-text\">Kontaktieren Sie uns<\/span>\n\t\t\t\t\t<\/span>\n\t\t\t\t\t<\/a>\n\t\t\t\t<\/div>\n\t\t\t\t\t\t\t\t<\/div>\n\t\t\t\t<\/div>\n\t\t\t\t<\/div>\n\t\t<div class=\"elementor-element elementor-element-51efb132 e-con-full e-flex e-con e-child\" data-id=\"51efb132\" data-element_type=\"container\" data-e-type=\"container\" data-settings=\"{&quot;background_background&quot;:&quot;classic&quot;}\">\n\t\t\t\t<\/div>\n\t\t\t\t<\/div>\n\t\t\t\t<\/div>","protected":false},"excerpt":{"rendered":"<p>Switzerland &#8211; Enter a Market of Precision, Stability, and Innovation! \u00a0 Switzerland\u2019s world-class economy, renowned stability, and reputation for excellence make it a premier destination for businesses aiming to thrive in a sophisticated and high-value market. With a strategic location at the heart of Europe and a commitment to innovation, Switzerland offers unmatched opportunities for [&hellip;]<\/p>","protected":false},"author":3,"featured_media":0,"parent":0,"menu_order":0,"comment_status":"closed","ping_status":"closed","template":"elementor_header_footer","meta":{"footnotes":""},"class_list":["post-117","page","type-page","status-publish","hentry"],"_links":{"self":[{"href":"https:\/\/eurosalesman.ch\/de\/wp-json\/wp\/v2\/pages\/117","targetHints":{"allow":["GET"]}}],"collection":[{"href":"https:\/\/eurosalesman.ch\/de\/wp-json\/wp\/v2\/pages"}],"about":[{"href":"https:\/\/eurosalesman.ch\/de\/wp-json\/wp\/v2\/types\/page"}],"author":[{"embeddable":true,"href":"https:\/\/eurosalesman.ch\/de\/wp-json\/wp\/v2\/users\/3"}],"replies":[{"embeddable":true,"href":"https:\/\/eurosalesman.ch\/de\/wp-json\/wp\/v2\/comments?post=117"}],"version-history":[{"count":10,"href":"https:\/\/eurosalesman.ch\/de\/wp-json\/wp\/v2\/pages\/117\/revisions"}],"predecessor-version":[{"id":169,"href":"https:\/\/eurosalesman.ch\/de\/wp-json\/wp\/v2\/pages\/117\/revisions\/169"}],"wp:attachment":[{"href":"https:\/\/eurosalesman.ch\/de\/wp-json\/wp\/v2\/media?parent=117"}],"curies":[{"name":"wp","href":"https:\/\/api.w.org\/{rel}","templated":true}]}}