{"id":117,"date":"2025-02-19T12:50:10","date_gmt":"2025-02-19T12:50:10","guid":{"rendered":"https:\/\/eurosalesman.ch\/eu\/"},"modified":"2025-02-19T12:51:18","modified_gmt":"2025-02-19T12:51:18","slug":"eu","status":"publish","type":"page","link":"https:\/\/eurosalesman.ch\/fr\/","title":{"rendered":"Suisse"},"content":{"rendered":"<div data-elementor-type=\"wp-page\" data-elementor-id=\"117\" class=\"elementor elementor-117\" data-elementor-post-type=\"page\">\n\t\t\t\t<div class=\"elementor-element elementor-element-30b66b95 e-con-full e-flex e-con e-parent\" data-id=\"30b66b95\" data-element_type=\"container\" data-e-type=\"container\" data-settings=\"{&quot;background_background&quot;:&quot;classic&quot;}\">\n\t\t<div class=\"elementor-element elementor-element-6131e70b e-con-full e-flex e-con e-child\" data-id=\"6131e70b\" data-element_type=\"container\" data-e-type=\"container\">\n\t\t\t\t<div class=\"elementor-element elementor-element-37f20f30 elementor-widget__width-inherit elementor-widget-divider--view-line elementor-invisible elementor-widget elementor-widget-divider\" data-id=\"37f20f30\" data-element_type=\"widget\" data-e-type=\"widget\" data-settings=\"{&quot;_animation&quot;:&quot;fadeInLeft&quot;}\" data-widget_type=\"divider.default\">\n\t\t\t\t<div class=\"elementor-widget-container\">\n\t\t\t\t\t\t\t<div class=\"elementor-divider\">\n\t\t\t<span class=\"elementor-divider-separator\">\n\t\t\t\t\t\t<\/span>\n\t\t<\/div>\n\t\t\t\t\t\t<\/div>\n\t\t\t\t<\/div>\n\t\t\t\t<div class=\"elementor-element elementor-element-628537c3 elementor-widget__width-initial elementor-widget-tablet__width-inherit elementor-widget elementor-widget-heading\" data-id=\"628537c3\" data-element_type=\"widget\" data-e-type=\"widget\" data-widget_type=\"heading.default\">\n\t\t\t\t<div class=\"elementor-widget-container\">\n\t\t\t\t\t<h1 class=\"elementor-heading-title elementor-size-default\">Suisse - Entrez dans un march\u00e9 de pr\u00e9cision, de stabilit\u00e9 et d'innovation !<\/h1>\t\t\t\t<\/div>\n\t\t\t\t<\/div>\n\t\t\t\t<div class=\"elementor-element elementor-element-190f49ff elementor-widget__width-initial elementor-widget-tablet__width-inherit elementor-widget elementor-widget-text-editor\" data-id=\"190f49ff\" data-element_type=\"widget\" data-e-type=\"widget\" data-widget_type=\"text-editor.default\">\n\t\t\t\t<div class=\"elementor-widget-container\">\n\t\t\t\t\t\t\t\t\t<p data-start=\"464\" data-end=\"480\">\u00a0<\/p><p data-start=\"126\" data-end=\"462\">L'\u00e9conomie de classe mondiale de la Suisse, sa stabilit\u00e9 reconnue et sa r\u00e9putation d'excellence en font une destination de choix pour les entreprises qui souhaitent prosp\u00e9rer sur un march\u00e9 sophistiqu\u00e9 et de grande valeur. Gr\u00e2ce \u00e0 sa situation strat\u00e9gique au c\u0153ur de l'Europe et \u00e0 son engagement en faveur de l'innovation, la Suisse offre des possibilit\u00e9s in\u00e9gal\u00e9es de croissance et de r\u00e9ussite.<\/p>\t\t\t\t\t\t\t\t<\/div>\n\t\t\t\t<\/div>\n\t\t\t\t<\/div>\n\t\t\t\t<\/div>\n\t\t<div class=\"elementor-element elementor-element-53f196 e-con-full e-flex e-con e-parent\" data-id=\"53f196\" data-element_type=\"container\" data-e-type=\"container\">\n\t\t<div class=\"elementor-element elementor-element-46f0f89 e-con-full e-flex e-con e-child\" data-id=\"46f0f89\" data-element_type=\"container\" data-e-type=\"container\">\n\t\t\t\t<div class=\"elementor-element elementor-element-298dff6b elementor-widget__width-inherit elementor-widget-divider--view-line elementor-invisible elementor-widget elementor-widget-divider\" data-id=\"298dff6b\" data-element_type=\"widget\" data-e-type=\"widget\" data-settings=\"{&quot;_animation&quot;:&quot;fadeInLeft&quot;}\" data-widget_type=\"divider.default\">\n\t\t\t\t<div class=\"elementor-widget-container\">\n\t\t\t\t\t\t\t<div class=\"elementor-divider\">\n\t\t\t<span class=\"elementor-divider-separator\">\n\t\t\t\t\t\t<\/span>\n\t\t<\/div>\n\t\t\t\t\t\t<\/div>\n\t\t\t\t<\/div>\n\t\t\t\t<div class=\"elementor-element elementor-element-2f4eed9e elementor-widget__width-initial elementor-widget-tablet__width-inherit elementor-widget elementor-widget-heading\" data-id=\"2f4eed9e\" data-element_type=\"widget\" data-e-type=\"widget\" data-widget_type=\"heading.default\">\n\t\t\t\t<div class=\"elementor-widget-container\">\n\t\t\t\t\t<h2 class=\"elementor-heading-title elementor-size-default\">Annonces en vedette<\/h2>\t\t\t\t<\/div>\n\t\t\t\t<\/div>\n\t\t\t\t<div class=\"elementor-element elementor-element-71a354a9 elementor-widget__width-initial elementor-widget-tablet__width-inherit elementor-widget elementor-widget-text-editor\" data-id=\"71a354a9\" data-element_type=\"widget\" data-e-type=\"widget\" data-widget_type=\"text-editor.default\">\n\t\t\t\t<div class=\"elementor-widget-container\">\n\t\t\t\t\t\t\t\t\t<p data-start=\"482\" data-end=\"629\">Voici les entreprises qui ont choisi de pr\u00e9senter leurs marques en Suisse, en capitalisant sur les avantages uniques de ce march\u00e9 prestigieux.<\/p>\t\t\t\t\t\t\t\t<\/div>\n\t\t\t\t<\/div>\n\t\t\t\t<\/div>\n\t\t\t\t<\/div>\n\t\t<div class=\"elementor-element elementor-element-7943c613 e-flex e-con-boxed e-con e-parent\" data-id=\"7943c613\" data-element_type=\"container\" data-e-type=\"container\">\n\t\t\t\t\t<div class=\"e-con-inner\">\n\t\t\t\t<div class=\"elementor-element elementor-element-6afdc621 elementor-widget elementor-widget-heading\" data-id=\"6afdc621\" data-element_type=\"widget\" data-e-type=\"widget\" data-widget_type=\"heading.default\">\n\t\t\t\t<div class=\"elementor-widget-container\">\n\t\t\t\t\t<h2 class=\"elementor-heading-title elementor-size-default\">Demandez-nous ce que vous voulez<\/h2>\t\t\t\t<\/div>\n\t\t\t\t<\/div>\n\t\t<div class=\"elementor-element elementor-element-356ef102 e-con-full e-flex e-con e-child\" data-id=\"356ef102\" data-element_type=\"container\" data-e-type=\"container\">\n\t\t\t\t<div class=\"elementor-element elementor-element-3e13e1c1 elementor-widget__width-initial elementor-widget-tablet__width-inherit elementor-widget elementor-widget-toggle\" data-id=\"3e13e1c1\" data-element_type=\"widget\" data-e-type=\"widget\" data-widget_type=\"toggle.default\">\n\t\t\t\t<div class=\"elementor-widget-container\">\n\t\t\t\t\t\t\t<div class=\"elementor-toggle\">\n\t\t\t\t\t\t\t<div class=\"elementor-toggle-item\">\n\t\t\t\t\t<h5 id=\"elementor-tab-title-1041\" class=\"elementor-tab-title\" data-tab=\"1\" role=\"button\" aria-controls=\"elementor-tab-content-1041\" aria-expanded=\"false\">\n\t\t\t\t\t\t\t\t\t\t\t\t<a class=\"elementor-toggle-title\" tabindex=\"0\">Qu'est-ce qu'Eurosalesman et comment peut-il aider mon entreprise ?<\/a>\n\t\t\t\t\t<\/h5>\n\n\t\t\t\t\t<div id=\"elementor-tab-content-1041\" class=\"elementor-tab-content elementor-clearfix\" data-tab=\"1\" role=\"region\" aria-labelledby=\"elementor-tab-title-1041\"><p>Eurosalesman est une plateforme mondiale qui aide les entreprises \u00e0 se d\u00e9velopper sur des march\u00e9s de premier plan en tirant parti de la protection des marques, de l'acc\u00e8s aux march\u00e9s et de solutions publicitaires innovantes. Nos services comprennent l'enregistrement complet des marques, l'acc\u00e8s aux march\u00e9s cl\u00e9s sur les cinq continents, la cr\u00e9ation de contenu aliment\u00e9e par l'IA et des strat\u00e9gies publicitaires bas\u00e9es sur les donn\u00e9es. Nous fournissons les outils et le soutien n\u00e9cessaires pour d\u00e9velopper votre marque, atteindre de nouveaux publics et prot\u00e9ger votre entreprise contre les infractions et la contrefa\u00e7on.<\/p><\/div>\n\t\t\t\t<\/div>\n\t\t\t\t\t\t\t<div class=\"elementor-toggle-item\">\n\t\t\t\t\t<h5 id=\"elementor-tab-title-1042\" class=\"elementor-tab-title\" data-tab=\"2\" role=\"button\" aria-controls=\"elementor-tab-content-1042\" aria-expanded=\"false\">\n\t\t\t\t\t\t\t\t\t\t\t\t<a class=\"elementor-toggle-title\" tabindex=\"0\">Comment Eurosalesman prot\u00e8ge-t-il ma marque ?<\/a>\n\t\t\t\t\t<\/h5>\n\n\t\t\t\t\t<div id=\"elementor-tab-content-1042\" class=\"elementor-tab-content elementor-clearfix\" data-tab=\"2\" role=\"region\" aria-labelledby=\"elementor-tab-title-1042\"><p>Eurosalesman s'associe \u00e0 des organisations de premier plan telles que l'Office de l'Union europ\u00e9enne pour la propri\u00e9t\u00e9 intellectuelle (EUIPO), l'Internet Corporation for Assigned Names and Numbers (ICANN) et l'Organisation mondiale de la propri\u00e9t\u00e9 intellectuelle (OMPI) afin d'offrir une protection solide des marques. Nous nous occupons de l'enregistrement des marques, veillons au respect des normes internationales et fournissons une assistance juridique pour faire respecter vos droits en cas d'utilisation non autoris\u00e9e. Notre objectif est de pr\u00e9server l'identit\u00e9 et l'int\u00e9grit\u00e9 de votre marque \u00e0 l'\u00e9chelle mondiale.<\/p><\/div>\n\t\t\t\t<\/div>\n\t\t\t\t\t\t\t<div class=\"elementor-toggle-item\">\n\t\t\t\t\t<h5 id=\"elementor-tab-title-1043\" class=\"elementor-tab-title\" data-tab=\"3\" role=\"button\" aria-controls=\"elementor-tab-content-1043\" aria-expanded=\"false\">\n\t\t\t\t\t\t\t\t\t\t\t\t<a class=\"elementor-toggle-title\" tabindex=\"0\">Ajoutez une question fr\u00e9quemment pos\u00e9e par les visiteurs et r\u00e9pondez-y dans la liste d\u00e9roulante.<\/a>\n\t\t\t\t\t<\/h5>\n\n\t\t\t\t\t<div id=\"elementor-tab-content-1043\" class=\"elementor-tab-content elementor-clearfix\" data-tab=\"3\" role=\"region\" aria-labelledby=\"elementor-tab-title-1043\"><p>Eurosalesman offre un acc\u00e8s \u00e0 plus de 40 des principaux march\u00e9s mondiaux, y compris des r\u00e9gions comme l'Am\u00e9rique, l'Europe, l'Asie, l'Afrique et l'Oc\u00e9anie. Chaque march\u00e9 offre des opportunit\u00e9s uniques, et notre plateforme est con\u00e7ue pour vous aider \u00e0 naviguer dans ces divers environnements avec des strat\u00e9gies sur mesure et un soutien marketing localis\u00e9. Que vous cherchiez \u00e0 vous d\u00e9velopper aux Etats-Unis, en Europe ou sur les march\u00e9s \u00e9mergents d'Afrique et d'Asie, Eurosalesman dispose de l'expertise et des ressources n\u00e9cessaires pour faciliter votre croissance.<\/p><\/div>\n\t\t\t\t<\/div>\n\t\t\t\t\t\t\t\t<\/div>\n\t\t\t\t\t\t<\/div>\n\t\t\t\t<\/div>\n\t\t\t\t<div class=\"elementor-element elementor-element-4809c196 elementor-widget__width-initial elementor-widget-tablet__width-inherit elementor-widget elementor-widget-toggle\" data-id=\"4809c196\" data-element_type=\"widget\" data-e-type=\"widget\" data-widget_type=\"toggle.default\">\n\t\t\t\t<div class=\"elementor-widget-container\">\n\t\t\t\t\t\t\t<div class=\"elementor-toggle\">\n\t\t\t\t\t\t\t<div class=\"elementor-toggle-item\">\n\t\t\t\t\t<h5 id=\"elementor-tab-title-1201\" class=\"elementor-tab-title\" data-tab=\"1\" role=\"button\" aria-controls=\"elementor-tab-content-1201\" aria-expanded=\"false\">\n\t\t\t\t\t\t\t\t\t\t\t\t<a class=\"elementor-toggle-title\" tabindex=\"0\">Quel est le r\u00f4le de l'IA dans la plateforme d'Eurosalesman ?<\/a>\n\t\t\t\t\t<\/h5>\n\n\t\t\t\t\t<div id=\"elementor-tab-content-1201\" class=\"elementor-tab-content elementor-clearfix\" data-tab=\"1\" role=\"region\" aria-labelledby=\"elementor-tab-title-1201\"><p>L'IA joue un r\u00f4le crucial dans l'am\u00e9lioration de l'efficacit\u00e9 de nos services. La plateforme d'Eurosalesman comprend des outils aliment\u00e9s par l'IA qui rationalisent la cr\u00e9ation de contenu pour les publicit\u00e9s, garantissant que votre message est optimis\u00e9 pour votre public cible. Notre IA analyse les donn\u00e9es du march\u00e9, le comportement des consommateurs et les performances des campagnes pass\u00e9es pour g\u00e9n\u00e9rer un contenu engageant et percutant. Cette approche permet de maximiser la port\u00e9e et l'efficacit\u00e9 de vos efforts publicitaires.<\/p><\/div>\n\t\t\t\t<\/div>\n\t\t\t\t\t\t\t<div class=\"elementor-toggle-item\">\n\t\t\t\t\t<h5 id=\"elementor-tab-title-1202\" class=\"elementor-tab-title\" data-tab=\"2\" role=\"button\" aria-controls=\"elementor-tab-content-1202\" aria-expanded=\"false\">\n\t\t\t\t\t\t\t\t\t\t\t\t<a class=\"elementor-toggle-title\" tabindex=\"0\">Comment Google Analytics am\u00e9liore-t-il mes campagnes publicitaires avec Eurosalesman ?<\/a>\n\t\t\t\t\t<\/h5>\n\n\t\t\t\t\t<div id=\"elementor-tab-content-1202\" class=\"elementor-tab-content elementor-clearfix\" data-tab=\"2\" role=\"region\" aria-labelledby=\"elementor-tab-title-1202\"><p>Google Analytics fournit des informations pr\u00e9cieuses sur la performance de vos annonces, en vous aidant \u00e0 comprendre votre audience, \u00e0 suivre le comportement des utilisateurs et \u00e0 mesurer les conversions. En int\u00e9grant Google Analytics dans la plateforme d'Eurosalesman, nous vous offrons des donn\u00e9es d\u00e9taill\u00e9es qui permettent d'ajuster et d'optimiser vos strat\u00e9gies marketing en temps r\u00e9el. Cette approche ax\u00e9e sur les donn\u00e9es garantit que vos campagnes sont toujours align\u00e9es sur vos objectifs commerciaux et qu'elles produisent les meilleurs r\u00e9sultats possibles.<\/p><\/div>\n\t\t\t\t<\/div>\n\t\t\t\t\t\t\t<div class=\"elementor-toggle-item\">\n\t\t\t\t\t<h5 id=\"elementor-tab-title-1203\" class=\"elementor-tab-title\" data-tab=\"3\" role=\"button\" aria-controls=\"elementor-tab-content-1203\" aria-expanded=\"false\">\n\t\t\t\t\t\t\t\t\t\t\t\t<a class=\"elementor-toggle-title\" tabindex=\"0\">Comment d\u00e9marrer avec Eurosalesman ?<\/a>\n\t\t\t\t\t<\/h5>\n\n\t\t\t\t\t<div id=\"elementor-tab-content-1203\" class=\"elementor-tab-content elementor-clearfix\" data-tab=\"3\" role=\"region\" aria-labelledby=\"elementor-tab-title-1203\"><p>D\u00e9marrer avec Eurosalesman est facile ! Il vous suffit de nous contacter via notre site web pour discuter de vos besoins et de vos objectifs commerciaux. Notre \u00e9quipe d'experts vous guidera tout au long du processus d'enregistrement de votre marque, d'entr\u00e9e sur le march\u00e9 et de mise en place de vos campagnes publicitaires. Nous vous offrons un soutien personnalis\u00e9 afin de garantir la protection de votre marque et son positionnement sur le march\u00e9 mondial.<\/p><\/div>\n\t\t\t\t<\/div>\n\t\t\t\t\t\t\t\t<\/div>\n\t\t\t\t\t\t<\/div>\n\t\t\t\t<\/div>\n\t\t\t\t<\/div>\n\t\t\t\t\t<\/div>\n\t\t\t\t<\/div>\n\t\t<div class=\"elementor-element elementor-element-6c40e5e e-con-full e-flex e-con e-parent\" data-id=\"6c40e5e\" data-element_type=\"container\" data-e-type=\"container\" data-settings=\"{&quot;background_background&quot;:&quot;classic&quot;}\">\n\t\t<div class=\"elementor-element elementor-element-6c2366f7 e-con-full e-flex e-con e-child\" data-id=\"6c2366f7\" data-element_type=\"container\" data-e-type=\"container\">\n\t\t\t\t<div class=\"elementor-element elementor-element-4868d51c elementor-invisible elementor-widget elementor-widget-heading\" data-id=\"4868d51c\" data-element_type=\"widget\" data-e-type=\"widget\" data-settings=\"{&quot;_animation&quot;:&quot;fadeIn&quot;}\" data-widget_type=\"heading.default\">\n\t\t\t\t<div class=\"elementor-widget-container\">\n\t\t\t\t\t<h2 class=\"elementor-heading-title elementor-size-default\">Vous voulez donner un coup de fouet \u00e0 votre entreprise d\u00e8s aujourd'hui ?<\/h2>\t\t\t\t<\/div>\n\t\t\t\t<\/div>\n\t\t\t\t<div class=\"elementor-element elementor-element-70e291d0 elementor-widget elementor-widget-text-editor\" data-id=\"70e291d0\" data-element_type=\"widget\" data-e-type=\"widget\" data-settings=\"{&quot;_animation&quot;:&quot;none&quot;}\" data-widget_type=\"text-editor.default\">\n\t\t\t\t<div class=\"elementor-widget-container\">\n\t\t\t\t\t\t\t\t\t<p>Contactez-nous d\u00e8s aujourd'hui pour savoir comment nous pouvons vous aider \u00e0 atteindre vos objectifs marketing avec pr\u00e9cision et confiance.<\/p>\t\t\t\t\t\t\t\t<\/div>\n\t\t\t\t<\/div>\n\t\t\t\t<div class=\"elementor-element elementor-element-5a25cd77 elementor-align-justify elementor-widget__width-initial elementor-widget elementor-widget-button\" data-id=\"5a25cd77\" data-element_type=\"widget\" data-e-type=\"widget\" data-widget_type=\"button.default\">\n\t\t\t\t<div class=\"elementor-widget-container\">\n\t\t\t\t\t\t\t\t\t<div class=\"elementor-button-wrapper\">\n\t\t\t\t\t<a class=\"elementor-button elementor-size-sm\" role=\"button\">\n\t\t\t\t\t\t<span class=\"elementor-button-content-wrapper\">\n\t\t\t\t\t\t\t\t\t<span class=\"elementor-button-text\">nous contacter<\/span>\n\t\t\t\t\t<\/span>\n\t\t\t\t\t<\/a>\n\t\t\t\t<\/div>\n\t\t\t\t\t\t\t\t<\/div>\n\t\t\t\t<\/div>\n\t\t\t\t<\/div>\n\t\t<div class=\"elementor-element elementor-element-51efb132 e-con-full e-flex e-con e-child\" data-id=\"51efb132\" data-element_type=\"container\" data-e-type=\"container\" data-settings=\"{&quot;background_background&quot;:&quot;classic&quot;}\">\n\t\t\t\t<\/div>\n\t\t\t\t<\/div>\n\t\t\t\t<\/div>","protected":false},"excerpt":{"rendered":"<p>Switzerland &#8211; Enter a Market of Precision, Stability, and Innovation! \u00a0 Switzerland\u2019s world-class economy, renowned stability, and reputation for excellence make it a premier destination for businesses aiming to thrive in a sophisticated and high-value market. With a strategic location at the heart of Europe and a commitment to innovation, Switzerland offers unmatched opportunities for [&hellip;]<\/p>","protected":false},"author":3,"featured_media":0,"parent":0,"menu_order":0,"comment_status":"closed","ping_status":"closed","template":"elementor_header_footer","meta":{"footnotes":""},"class_list":["post-117","page","type-page","status-publish","hentry"],"_links":{"self":[{"href":"https:\/\/eurosalesman.ch\/fr\/wp-json\/wp\/v2\/pages\/117","targetHints":{"allow":["GET"]}}],"collection":[{"href":"https:\/\/eurosalesman.ch\/fr\/wp-json\/wp\/v2\/pages"}],"about":[{"href":"https:\/\/eurosalesman.ch\/fr\/wp-json\/wp\/v2\/types\/page"}],"author":[{"embeddable":true,"href":"https:\/\/eurosalesman.ch\/fr\/wp-json\/wp\/v2\/users\/3"}],"replies":[{"embeddable":true,"href":"https:\/\/eurosalesman.ch\/fr\/wp-json\/wp\/v2\/comments?post=117"}],"version-history":[{"count":10,"href":"https:\/\/eurosalesman.ch\/fr\/wp-json\/wp\/v2\/pages\/117\/revisions"}],"predecessor-version":[{"id":169,"href":"https:\/\/eurosalesman.ch\/fr\/wp-json\/wp\/v2\/pages\/117\/revisions\/169"}],"wp:attachment":[{"href":"https:\/\/eurosalesman.ch\/fr\/wp-json\/wp\/v2\/media?parent=117"}],"curies":[{"name":"wp","href":"https:\/\/api.w.org\/{rel}","templated":true}]}}