{"id":117,"date":"2025-02-19T12:50:10","date_gmt":"2025-02-19T12:50:10","guid":{"rendered":"https:\/\/eurosalesman.ch\/eu\/"},"modified":"2025-02-19T12:51:18","modified_gmt":"2025-02-19T12:51:18","slug":"eu","status":"publish","type":"page","link":"https:\/\/eurosalesman.ch\/pt\/","title":{"rendered":"Switzerland"},"content":{"rendered":"<div data-elementor-type=\"wp-page\" data-elementor-id=\"117\" class=\"elementor elementor-117\" data-elementor-post-type=\"page\">\n\t\t\t\t<div class=\"elementor-element elementor-element-30b66b95 e-con-full e-flex e-con e-parent\" data-id=\"30b66b95\" data-element_type=\"container\" data-e-type=\"container\" data-settings=\"{&quot;background_background&quot;:&quot;classic&quot;}\">\n\t\t<div class=\"elementor-element elementor-element-6131e70b e-con-full e-flex e-con e-child\" data-id=\"6131e70b\" data-element_type=\"container\" data-e-type=\"container\">\n\t\t\t\t<div class=\"elementor-element elementor-element-37f20f30 elementor-widget__width-inherit elementor-widget-divider--view-line elementor-invisible elementor-widget elementor-widget-divider\" data-id=\"37f20f30\" data-element_type=\"widget\" data-e-type=\"widget\" data-settings=\"{&quot;_animation&quot;:&quot;fadeInLeft&quot;}\" data-widget_type=\"divider.default\">\n\t\t\t\t<div class=\"elementor-widget-container\">\n\t\t\t\t\t\t\t<div class=\"elementor-divider\">\n\t\t\t<span class=\"elementor-divider-separator\">\n\t\t\t\t\t\t<\/span>\n\t\t<\/div>\n\t\t\t\t\t\t<\/div>\n\t\t\t\t<\/div>\n\t\t\t\t<div class=\"elementor-element elementor-element-628537c3 elementor-widget__width-initial elementor-widget-tablet__width-inherit elementor-widget elementor-widget-heading\" data-id=\"628537c3\" data-element_type=\"widget\" data-e-type=\"widget\" data-widget_type=\"heading.default\">\n\t\t\t\t<div class=\"elementor-widget-container\">\n\t\t\t\t\t<h1 class=\"elementor-heading-title elementor-size-default\">Su\u00ed\u00e7a - Entre num mercado de precis\u00e3o, estabilidade e inova\u00e7\u00e3o!<\/h1>\t\t\t\t<\/div>\n\t\t\t\t<\/div>\n\t\t\t\t<div class=\"elementor-element elementor-element-190f49ff elementor-widget__width-initial elementor-widget-tablet__width-inherit elementor-widget elementor-widget-text-editor\" data-id=\"190f49ff\" data-element_type=\"widget\" data-e-type=\"widget\" data-widget_type=\"text-editor.default\">\n\t\t\t\t<div class=\"elementor-widget-container\">\n\t\t\t\t\t\t\t\t\t<p data-start=\"464\" data-end=\"480\">\u00a0<\/p><p data-start=\"126\" data-end=\"462\">A economia de classe mundial da Su\u00ed\u00e7a, a sua reconhecida estabilidade e a sua reputa\u00e7\u00e3o de excel\u00eancia fazem dela um destino privilegiado para as empresas que pretendem prosperar num mercado sofisticado e de elevado valor. Com uma localiza\u00e7\u00e3o estrat\u00e9gica no cora\u00e7\u00e3o da Europa e um compromisso com a inova\u00e7\u00e3o, a Su\u00ed\u00e7a oferece oportunidades inigual\u00e1veis de crescimento e sucesso.<\/p>\t\t\t\t\t\t\t\t<\/div>\n\t\t\t\t<\/div>\n\t\t\t\t<\/div>\n\t\t\t\t<\/div>\n\t\t<div class=\"elementor-element elementor-element-53f196 e-con-full e-flex e-con e-parent\" data-id=\"53f196\" data-element_type=\"container\" data-e-type=\"container\">\n\t\t<div class=\"elementor-element elementor-element-46f0f89 e-con-full e-flex e-con e-child\" data-id=\"46f0f89\" data-element_type=\"container\" data-e-type=\"container\">\n\t\t\t\t<div class=\"elementor-element elementor-element-298dff6b elementor-widget__width-inherit elementor-widget-divider--view-line elementor-invisible elementor-widget elementor-widget-divider\" data-id=\"298dff6b\" data-element_type=\"widget\" data-e-type=\"widget\" data-settings=\"{&quot;_animation&quot;:&quot;fadeInLeft&quot;}\" data-widget_type=\"divider.default\">\n\t\t\t\t<div class=\"elementor-widget-container\">\n\t\t\t\t\t\t\t<div class=\"elementor-divider\">\n\t\t\t<span class=\"elementor-divider-separator\">\n\t\t\t\t\t\t<\/span>\n\t\t<\/div>\n\t\t\t\t\t\t<\/div>\n\t\t\t\t<\/div>\n\t\t\t\t<div class=\"elementor-element elementor-element-2f4eed9e elementor-widget__width-initial elementor-widget-tablet__width-inherit elementor-widget elementor-widget-heading\" data-id=\"2f4eed9e\" data-element_type=\"widget\" data-e-type=\"widget\" data-widget_type=\"heading.default\">\n\t\t\t\t<div class=\"elementor-widget-container\">\n\t\t\t\t\t<h2 class=\"elementor-heading-title elementor-size-default\">An\u00fancios em destaque<\/h2>\t\t\t\t<\/div>\n\t\t\t\t<\/div>\n\t\t\t\t<div class=\"elementor-element elementor-element-71a354a9 elementor-widget__width-initial elementor-widget-tablet__width-inherit elementor-widget elementor-widget-text-editor\" data-id=\"71a354a9\" data-element_type=\"widget\" data-e-type=\"widget\" data-widget_type=\"text-editor.default\">\n\t\t\t\t<div class=\"elementor-widget-container\">\n\t\t\t\t\t\t\t\t\t<p data-start=\"482\" data-end=\"629\">Abaixo est\u00e3o as empresas que optaram por apresentar as suas marcas na Su\u00ed\u00e7a, capitalizando as vantagens \u00fanicas deste prestigiado mercado.<\/p>\t\t\t\t\t\t\t\t<\/div>\n\t\t\t\t<\/div>\n\t\t\t\t<\/div>\n\t\t\t\t<\/div>\n\t\t<div class=\"elementor-element elementor-element-7943c613 e-flex e-con-boxed e-con e-parent\" data-id=\"7943c613\" data-element_type=\"container\" data-e-type=\"container\">\n\t\t\t\t\t<div class=\"e-con-inner\">\n\t\t\t\t<div class=\"elementor-element elementor-element-6afdc621 elementor-widget elementor-widget-heading\" data-id=\"6afdc621\" data-element_type=\"widget\" data-e-type=\"widget\" data-widget_type=\"heading.default\">\n\t\t\t\t<div class=\"elementor-widget-container\">\n\t\t\t\t\t<h2 class=\"elementor-heading-title elementor-size-default\">Pergunte-nos o que quiser<\/h2>\t\t\t\t<\/div>\n\t\t\t\t<\/div>\n\t\t<div class=\"elementor-element elementor-element-356ef102 e-con-full e-flex e-con e-child\" data-id=\"356ef102\" data-element_type=\"container\" data-e-type=\"container\">\n\t\t\t\t<div class=\"elementor-element elementor-element-3e13e1c1 elementor-widget__width-initial elementor-widget-tablet__width-inherit elementor-widget elementor-widget-toggle\" data-id=\"3e13e1c1\" data-element_type=\"widget\" data-e-type=\"widget\" data-widget_type=\"toggle.default\">\n\t\t\t\t<div class=\"elementor-widget-container\">\n\t\t\t\t\t\t\t<div class=\"elementor-toggle\">\n\t\t\t\t\t\t\t<div class=\"elementor-toggle-item\">\n\t\t\t\t\t<h5 id=\"elementor-tab-title-1041\" class=\"elementor-tab-title\" data-tab=\"1\" role=\"button\" aria-controls=\"elementor-tab-content-1041\" aria-expanded=\"false\">\n\t\t\t\t\t\t\t\t\t\t\t\t<a class=\"elementor-toggle-title\" tabindex=\"0\">O que \u00e9 o Eurosalesman e como pode ajudar a minha empresa?<\/a>\n\t\t\t\t\t<\/h5>\n\n\t\t\t\t\t<div id=\"elementor-tab-content-1041\" class=\"elementor-tab-content elementor-clearfix\" data-tab=\"1\" role=\"region\" aria-labelledby=\"elementor-tab-title-1041\"><p>A Eurosalesman \u00e9 uma plataforma global que ajuda as empresas a expandirem-se para os principais mercados, tirando partido da prote\u00e7\u00e3o de marcas registadas, do acesso ao mercado e de solu\u00e7\u00f5es de publicidade inovadoras. Os nossos servi\u00e7os incluem o registo abrangente de marcas, o acesso a mercados-chave nos cinco continentes, a cria\u00e7\u00e3o de conte\u00fados com base em IA e estrat\u00e9gias de publicidade baseadas em dados. Fornecemos as ferramentas e o apoio necess\u00e1rios para fazer crescer a sua marca, alcan\u00e7ar novos p\u00fablicos e proteger a sua empresa contra infrac\u00e7\u00f5es e contrafac\u00e7\u00f5es.<\/p><\/div>\n\t\t\t\t<\/div>\n\t\t\t\t\t\t\t<div class=\"elementor-toggle-item\">\n\t\t\t\t\t<h5 id=\"elementor-tab-title-1042\" class=\"elementor-tab-title\" data-tab=\"2\" role=\"button\" aria-controls=\"elementor-tab-content-1042\" aria-expanded=\"false\">\n\t\t\t\t\t\t\t\t\t\t\t\t<a class=\"elementor-toggle-title\" tabindex=\"0\">Como \u00e9 que o Eurosalesman protege a minha marca registada?<\/a>\n\t\t\t\t\t<\/h5>\n\n\t\t\t\t\t<div id=\"elementor-tab-content-1042\" class=\"elementor-tab-content elementor-clearfix\" data-tab=\"2\" role=\"region\" aria-labelledby=\"elementor-tab-title-1042\"><p>O Eurosalesman tem parceria com organiza\u00e7\u00f5es l\u00edderes, como o Escrit\u00f3rio de Propriedade Intelectual da Uni\u00e3o Europeia (EUIPO), a Corpora\u00e7\u00e3o da Internet para Atribui\u00e7\u00e3o de Nomes e N\u00fameros (ICANN) e a Organiza\u00e7\u00e3o Mundial de Propriedade Intelectual (WIPO) para oferecer uma prote\u00e7\u00e3o robusta de marcas registradas. Tratamos do registo de marcas, asseguramos a conformidade com as normas internacionais e fornecemos apoio jur\u00eddico para fazer valer os seus direitos contra a utiliza\u00e7\u00e3o n\u00e3o autorizada. O nosso objetivo \u00e9 salvaguardar a identidade e a integridade da sua marca a n\u00edvel global.<\/p><\/div>\n\t\t\t\t<\/div>\n\t\t\t\t\t\t\t<div class=\"elementor-toggle-item\">\n\t\t\t\t\t<h5 id=\"elementor-tab-title-1043\" class=\"elementor-tab-title\" data-tab=\"3\" role=\"button\" aria-controls=\"elementor-tab-content-1043\" aria-expanded=\"false\">\n\t\t\t\t\t\t\t\t\t\t\t\t<a class=\"elementor-toggle-title\" tabindex=\"0\">Adicione uma pergunta frequentemente colocada pelos visitantes e responda-lhe na caixa pendente.<\/a>\n\t\t\t\t\t<\/h5>\n\n\t\t\t\t\t<div id=\"elementor-tab-content-1043\" class=\"elementor-tab-content elementor-clearfix\" data-tab=\"3\" role=\"region\" aria-labelledby=\"elementor-tab-title-1043\"><p>O Eurosalesman fornece acesso a mais de 40 dos principais mercados do mundo, incluindo regi\u00f5es como a Am\u00e9rica, Europa, \u00c1sia, \u00c1frica e Oce\u00e2nia. Cada mercado oferece oportunidades \u00fanicas e a nossa plataforma foi concebida para o ajudar a navegar nestes ambientes diversos com estrat\u00e9gias personalizadas e apoio de marketing localizado. Quer pretenda expandir-se nos EUA, na Europa ou em mercados emergentes em \u00c1frica e na \u00c1sia, o Eurosalesman tem a experi\u00eancia e os recursos para facilitar o seu crescimento.<\/p><\/div>\n\t\t\t\t<\/div>\n\t\t\t\t\t\t\t\t<\/div>\n\t\t\t\t\t\t<\/div>\n\t\t\t\t<\/div>\n\t\t\t\t<div class=\"elementor-element elementor-element-4809c196 elementor-widget__width-initial elementor-widget-tablet__width-inherit elementor-widget elementor-widget-toggle\" data-id=\"4809c196\" data-element_type=\"widget\" data-e-type=\"widget\" data-widget_type=\"toggle.default\">\n\t\t\t\t<div class=\"elementor-widget-container\">\n\t\t\t\t\t\t\t<div class=\"elementor-toggle\">\n\t\t\t\t\t\t\t<div class=\"elementor-toggle-item\">\n\t\t\t\t\t<h5 id=\"elementor-tab-title-1201\" class=\"elementor-tab-title\" data-tab=\"1\" role=\"button\" aria-controls=\"elementor-tab-content-1201\" aria-expanded=\"false\">\n\t\t\t\t\t\t\t\t\t\t\t\t<a class=\"elementor-toggle-title\" tabindex=\"0\">Qual \u00e9 o papel da IA na plataforma do Eurosalesman?<\/a>\n\t\t\t\t\t<\/h5>\n\n\t\t\t\t\t<div id=\"elementor-tab-content-1201\" class=\"elementor-tab-content elementor-clearfix\" data-tab=\"1\" role=\"region\" aria-labelledby=\"elementor-tab-title-1201\"><p>A IA desempenha um papel crucial no aumento da efici\u00eancia e efic\u00e1cia dos nossos servi\u00e7os. A plataforma do Eurosalesman inclui ferramentas alimentadas por IA que simplificam a cria\u00e7\u00e3o de conte\u00fado para an\u00fancios, garantindo que as suas mensagens sejam optimizadas para o seu p\u00fablico-alvo. Nossa IA analisa dados de mercado, comportamento do consumidor e desempenho de campanhas anteriores para gerar conte\u00fado envolvente e impactante. Esta abordagem ajuda a maximizar o alcance e a efic\u00e1cia dos seus esfor\u00e7os publicit\u00e1rios.<\/p><\/div>\n\t\t\t\t<\/div>\n\t\t\t\t\t\t\t<div class=\"elementor-toggle-item\">\n\t\t\t\t\t<h5 id=\"elementor-tab-title-1202\" class=\"elementor-tab-title\" data-tab=\"2\" role=\"button\" aria-controls=\"elementor-tab-content-1202\" aria-expanded=\"false\">\n\t\t\t\t\t\t\t\t\t\t\t\t<a class=\"elementor-toggle-title\" tabindex=\"0\">Como \u00e9 que o Google Analytics melhora as minhas campanhas publicit\u00e1rias com o Eurosalesman?<\/a>\n\t\t\t\t\t<\/h5>\n\n\t\t\t\t\t<div id=\"elementor-tab-content-1202\" class=\"elementor-tab-content elementor-clearfix\" data-tab=\"2\" role=\"region\" aria-labelledby=\"elementor-tab-title-1202\"><p>O Google Analytics fornece informa\u00e7\u00f5es valiosas sobre o desempenho dos seus an\u00fancios, ajudando-o a compreender o seu p\u00fablico, a acompanhar o comportamento dos utilizadores e a medir as convers\u00f5es. Ao integrar o Google Analytics na plataforma do Eurosalesman, oferecemos-lhe dados detalhados que permitem ajustes em tempo real e a otimiza\u00e7\u00e3o das suas estrat\u00e9gias de marketing. Esta abordagem orientada para os dados garante que as suas campanhas est\u00e3o sempre alinhadas com os seus objectivos de neg\u00f3cio e que apresentam os melhores resultados poss\u00edveis.<\/p><\/div>\n\t\t\t\t<\/div>\n\t\t\t\t\t\t\t<div class=\"elementor-toggle-item\">\n\t\t\t\t\t<h5 id=\"elementor-tab-title-1203\" class=\"elementor-tab-title\" data-tab=\"3\" role=\"button\" aria-controls=\"elementor-tab-content-1203\" aria-expanded=\"false\">\n\t\t\t\t\t\t\t\t\t\t\t\t<a class=\"elementor-toggle-title\" tabindex=\"0\">Como \u00e9 que come\u00e7o a utilizar o Eurosalesman?<\/a>\n\t\t\t\t\t<\/h5>\n\n\t\t\t\t\t<div id=\"elementor-tab-content-1203\" class=\"elementor-tab-content elementor-clearfix\" data-tab=\"3\" role=\"region\" aria-labelledby=\"elementor-tab-title-1203\"><p>Come\u00e7ar a trabalhar com o Eurosalesman \u00e9 f\u00e1cil! Basta contactar-nos atrav\u00e9s do nosso website para discutir as suas necessidades e objectivos comerciais. A nossa equipa de especialistas ir\u00e1 gui\u00e1-lo atrav\u00e9s do processo de registo da marca, entrada no mercado e cria\u00e7\u00e3o das suas campanhas publicit\u00e1rias. Fornecemos apoio personalizado para garantir que a sua marca est\u00e1 protegida e posicionada para o sucesso no mercado global.<\/p><\/div>\n\t\t\t\t<\/div>\n\t\t\t\t\t\t\t\t<\/div>\n\t\t\t\t\t\t<\/div>\n\t\t\t\t<\/div>\n\t\t\t\t<\/div>\n\t\t\t\t\t<\/div>\n\t\t\t\t<\/div>\n\t\t<div class=\"elementor-element elementor-element-6c40e5e e-con-full e-flex e-con e-parent\" data-id=\"6c40e5e\" data-element_type=\"container\" data-e-type=\"container\" data-settings=\"{&quot;background_background&quot;:&quot;classic&quot;}\">\n\t\t<div class=\"elementor-element elementor-element-6c2366f7 e-con-full e-flex e-con e-child\" data-id=\"6c2366f7\" data-element_type=\"container\" data-e-type=\"container\">\n\t\t\t\t<div class=\"elementor-element elementor-element-4868d51c elementor-invisible elementor-widget elementor-widget-heading\" data-id=\"4868d51c\" data-element_type=\"widget\" data-e-type=\"widget\" data-settings=\"{&quot;_animation&quot;:&quot;fadeIn&quot;}\" data-widget_type=\"heading.default\">\n\t\t\t\t<div class=\"elementor-widget-container\">\n\t\t\t\t\t<h2 class=\"elementor-heading-title elementor-size-default\">Quer impulsionar o seu neg\u00f3cio hoje?<\/h2>\t\t\t\t<\/div>\n\t\t\t\t<\/div>\n\t\t\t\t<div class=\"elementor-element elementor-element-70e291d0 elementor-widget elementor-widget-text-editor\" data-id=\"70e291d0\" data-element_type=\"widget\" data-e-type=\"widget\" data-settings=\"{&quot;_animation&quot;:&quot;none&quot;}\" data-widget_type=\"text-editor.default\">\n\t\t\t\t<div class=\"elementor-widget-container\">\n\t\t\t\t\t\t\t\t\t<p>Contacte-nos hoje para saber mais sobre como podemos ajud\u00e1-lo a atingir os seus objectivos de marketing com precis\u00e3o e confian\u00e7a.<\/p>\t\t\t\t\t\t\t\t<\/div>\n\t\t\t\t<\/div>\n\t\t\t\t<div class=\"elementor-element elementor-element-5a25cd77 elementor-align-justify elementor-widget__width-initial elementor-widget elementor-widget-button\" data-id=\"5a25cd77\" data-element_type=\"widget\" data-e-type=\"widget\" data-widget_type=\"button.default\">\n\t\t\t\t<div class=\"elementor-widget-container\">\n\t\t\t\t\t\t\t\t\t<div class=\"elementor-button-wrapper\">\n\t\t\t\t\t<a class=\"elementor-button elementor-size-sm\" role=\"button\">\n\t\t\t\t\t\t<span class=\"elementor-button-content-wrapper\">\n\t\t\t\t\t\t\t\t\t<span class=\"elementor-button-text\">contactar-nos<\/span>\n\t\t\t\t\t<\/span>\n\t\t\t\t\t<\/a>\n\t\t\t\t<\/div>\n\t\t\t\t\t\t\t\t<\/div>\n\t\t\t\t<\/div>\n\t\t\t\t<\/div>\n\t\t<div class=\"elementor-element elementor-element-51efb132 e-con-full e-flex e-con e-child\" data-id=\"51efb132\" data-element_type=\"container\" data-e-type=\"container\" data-settings=\"{&quot;background_background&quot;:&quot;classic&quot;}\">\n\t\t\t\t<\/div>\n\t\t\t\t<\/div>\n\t\t\t\t<\/div>","protected":false},"excerpt":{"rendered":"<p>Switzerland &#8211; Enter a Market of Precision, Stability, and Innovation! \u00a0 Switzerland\u2019s world-class economy, renowned stability, and reputation for excellence make it a premier destination for businesses aiming to thrive in a sophisticated and high-value market. With a strategic location at the heart of Europe and a commitment to innovation, Switzerland offers unmatched opportunities for [&hellip;]<\/p>","protected":false},"author":3,"featured_media":0,"parent":0,"menu_order":0,"comment_status":"closed","ping_status":"closed","template":"elementor_header_footer","meta":{"footnotes":""},"class_list":["post-117","page","type-page","status-publish","hentry"],"_links":{"self":[{"href":"https:\/\/eurosalesman.ch\/pt\/wp-json\/wp\/v2\/pages\/117","targetHints":{"allow":["GET"]}}],"collection":[{"href":"https:\/\/eurosalesman.ch\/pt\/wp-json\/wp\/v2\/pages"}],"about":[{"href":"https:\/\/eurosalesman.ch\/pt\/wp-json\/wp\/v2\/types\/page"}],"author":[{"embeddable":true,"href":"https:\/\/eurosalesman.ch\/pt\/wp-json\/wp\/v2\/users\/3"}],"replies":[{"embeddable":true,"href":"https:\/\/eurosalesman.ch\/pt\/wp-json\/wp\/v2\/comments?post=117"}],"version-history":[{"count":10,"href":"https:\/\/eurosalesman.ch\/pt\/wp-json\/wp\/v2\/pages\/117\/revisions"}],"predecessor-version":[{"id":169,"href":"https:\/\/eurosalesman.ch\/pt\/wp-json\/wp\/v2\/pages\/117\/revisions\/169"}],"wp:attachment":[{"href":"https:\/\/eurosalesman.ch\/pt\/wp-json\/wp\/v2\/media?parent=117"}],"curies":[{"name":"wp","href":"https:\/\/api.w.org\/{rel}","templated":true}]}}